{"id":582,"date":"2016-07-30T18:20:09","date_gmt":"2016-07-30T16:20:09","guid":{"rendered":"http:\/\/www.damicosrl.com\/online\/?page_id=582"},"modified":"2017-02-06T12:01:19","modified_gmt":"2017-02-06T11:01:19","slug":"soffitti-tesi-2","status":"publish","type":"page","link":"https:\/\/www.damicosrl.com\/online\/soffitti-tesi-2\/","title":{"rendered":"Soffitti Tesi"},"content":{"rendered":"<div id='av_section_1'  class='avia-section main_color avia-section-large avia-no-shadow  avia-full-stretch av-section-color-overlay-active avia-bg-style-fixed  avia-builder-el-0  el_before_av_section  avia-builder-el-first   container_wrap sidebar_right' style='background-repeat: no-repeat; background-image: url(https:\/\/www.damicosrl.com\/online\/wp-content\/uploads\/2016\/07\/Background-soffittitesi.jpg);background-attachment: fixed; background-position: center center;  '  data-section-bg-repeat='stretch'><div class='av-section-color-overlay-wrap'><div class='av-section-color-overlay' style='opacity: 0.2; background-color: #000000; '><\/div><div class='container' ><main  role=\"main\" itemprop=\"mainContentOfPage\"  class='template-page content  av-content-small alpha units'><div class='post-entry post-entry-type-page post-entry-582'><div class='entry-content-wrapper clearfix'>\n<div  style='padding-bottom:0px; color:#ffffff;font-size:60px;' class='av-special-heading av-special-heading-h3 custom-color-heading blockquote modern-quote modern-centered  avia-builder-el-1  el_before_av_hr  avia-builder-el-first  av-inherit-size '><h3 class='av-special-heading-tag '  itemprop=\"headline\"  >Soffitti Tesi<\/h3><div class ='av-subheading av-subheading_below av_custom_color ' style='font-size:15px;'><p>Siamo specializzati nella realizzazione di soffitti termotesi in PVC.<\/p>\n<\/div><div class='special-heading-border'><div class='special-heading-inner-border' style='border-color:#ffffff'><\/div><\/div><\/div>\n<div  style=' margin-top:30px; margin-bottom:30px;'  class='hr hr-custom hr-center hr-icon-yes   avia-builder-el-2  el_after_av_heading  avia-builder-el-last '><span class='hr-inner  inner-border-av-border-thin' style=' width:20%; border-color:rgba(255,255,255,0.76); max-width:45%;' ><span class='hr-inner-style'><\/span><\/span><span class='av-seperator-icon' style='color:#ffffff;' aria-hidden='true' data-av_icon='\ue8bf' data-av_iconfont='entypo-fontello'><\/span><span class='hr-inner  inner-border-av-border-thin' style=' width:20%; border-color:rgba(255,255,255,0.76); max-width:45%;' ><span class='hr-inner-style'><\/span><\/span><\/div>\n\n<\/div><\/div><\/main><!-- close content main element --><\/div><\/div><\/div><div id='av_section_2'  class='avia-section main_color avia-section-small avia-no-border-styling  avia-bg-style-fixed  avia-builder-el-3  el_after_av_section  avia-builder-el-last   container_wrap sidebar_right' style=' '  ><div class='container' ><div class='template-page content  av-content-small alpha units'><div class='post-entry post-entry-type-page post-entry-582'><div class='entry-content-wrapper clearfix'>\n<div class='flex_column_table av-equal-height-column-flextable -flextable' style='margin-top:-60px; margin-bottom:0px; '><div class=\"flex_column av_two_third  no_margin flex_column_table_cell av-equal-height-column av-align-top first  avia-builder-el-4  el_before_av_one_third  avia-builder-el-first  \" style='padding:30px; background-color:#ffffff; border-radius:0px; '><p><div  style='padding-bottom:0px; ' class='av-special-heading av-special-heading-h3  blockquote modern-quote  avia-builder-el-5  el_before_av_textblock  avia-builder-el-first  '><h3 class='av-special-heading-tag '  itemprop=\"headline\"  >Cosa sono i Soffitti Tesi<\/h3><div class='special-heading-border'><div class='special-heading-inner-border' ><\/div><\/div><\/div><br \/>\n<section class=\"av_textblock_section \"  itemscope=\"itemscope\" itemtype=\"https:\/\/schema.org\/CreativeWork\" ><div class='avia_textblock  '  style='font-size:18px; '  itemprop=\"text\" ><p><b>Siamo\u00a0<\/b>specializzati nella realizzazione di controsoffitti e, in particolare, di\u00a0<strong>soffitti termotesi in PVC.<\/strong><br \/>\nI soffitti tesi sono un elemento di arredo in grado di coniugare uno splendido\u00a0aspetto\u00a0estetico\u00a0con eccellenti prestazioni funzionali (da una migliore termicit\u00e0 a una perfetta acustica passando per un\u2019ottima impermeabilit\u00e0 e una migliore illuminazione). Grazie alla loro bellezza e versatilit\u00e0, si impiegano con successo sia in appartamenti privati che in locali pubblici.<\/p>\n<\/div><\/section><br \/>\n<div  style=' margin-top:30px; margin-bottom:30px;'  class='hr hr-custom hr-center hr-icon-yes   avia-builder-el-7  el_after_av_textblock  el_before_av_iconlist '><span class='hr-inner  inner-border-av-border-thin' style=' width:45%; max-width:45%;' ><span class='hr-inner-style'><\/span><\/span><span class='av-seperator-icon'  aria-hidden='true' data-av_icon='\ue8bf' data-av_iconfont='entypo-fontello'><\/span><span class='hr-inner  inner-border-av-border-thin' style=' width:45%; max-width:45%;' ><span class='hr-inner-style'><\/span><\/span><\/div><br \/>\n<div  class='avia-icon-list-container   avia-builder-el-8  el_after_av_hr  el_before_av_textblock '><ul class='avia-icon-list avia-icon-list-left av-iconlist-big avia_animate_when_almost_visible avia-iconlist-animate'>\n<li><div  class='iconlist_icon  avia-font-entypo-fontello'><span class='iconlist-char ' aria-hidden='true' data-av_icon='\ue8d7' data-av_iconfont='entypo-fontello'><\/span><\/div><article class=\"article-icon-entry \"  itemscope=\"itemscope\" itemtype=\"https:\/\/schema.org\/CreativeWork\" ><div class='iconlist_content_wrap'><header class=\"entry-content-header\"><h4 class='av_iconlist_title iconlist_title   '  itemprop=\"headline\"  >SOLUZIONI CHIAVI IN MANO<\/h4><\/header><div class='iconlist_content  '  itemprop=\"text\"  ><p>Realizziamo soffitti tesi di qualsiasi forma e dimensione, soluzioni personalizzate per ogni esigenza.I nostri esperti vi supporteranno in ogni fase del progetto, dall\u2019ideazione alla realizzazione. Troveremo la migliore soluzione in termini di funzionalit\u00e0 e design per ogni tipo di ambiente (abitazioni, uffici, strutture sanitari, negozi, strutture ricettive, imbarcazioni, ecc).<\/p>\n<\/div><\/div><footer class=\"entry-footer\"><\/footer><\/article><div class='iconlist-timeline'><\/div><\/li>\n<li><div  class='iconlist_icon  avia-font-entypo-fontello'><span class='iconlist-char ' aria-hidden='true' data-av_icon='\ue866' data-av_iconfont='entypo-fontello'><\/span><\/div><article class=\"article-icon-entry \"  itemscope=\"itemscope\" itemtype=\"https:\/\/schema.org\/CreativeWork\" ><div class='iconlist_content_wrap'><header class=\"entry-content-header\"><h4 class='av_iconlist_title iconlist_title   '  itemprop=\"headline\"  >PROGETTAZIONE ILLUMINOTECNICA<\/h4><\/header><div class='iconlist_content  '  itemprop=\"text\"  ><p>Un\u2019atmosfera sempre differente, un impatto visivo altamente suggestivo, giochi di luce irripetibili con nessun altra installazione. I soffitti tesi in Pvc possono essere retroilluminati e i nostri architetti della luce sono in grado di ottimizzare la diffusione e di applicare i migliori apparecchi illuminanti per ogni ambiente.<\/p>\n<\/div><\/div><footer class=\"entry-footer\"><\/footer><\/article><div class='iconlist-timeline'><\/div><\/li>\n<li><div  class='iconlist_icon  avia-font-entypo-fontello'><span class='iconlist-char ' aria-hidden='true' data-av_icon='\ue859' data-av_iconfont='entypo-fontello'><\/span><\/div><article class=\"article-icon-entry \"  itemscope=\"itemscope\" itemtype=\"https:\/\/schema.org\/CreativeWork\" ><div class='iconlist_content_wrap'><header class=\"entry-content-header\"><h4 class='av_iconlist_title iconlist_title   '  itemprop=\"headline\"  >RETE VENDITA NAZIONALE<\/h4><\/header><div class='iconlist_content  '  itemprop=\"text\"  ><p>Distribuiamo in tutto il territorio nazionale un soffitto teso tecnicamente avanzato messo a punto dopo attente ricerche di mercato. Abbiamo in tutta Italia centinaia di aziende partner formate presso la nostra azienda.\u00a0Offriamo sempre prezzi competitivi mantenendo alti gli standard qualitativi.<\/p>\n<\/div><\/div><footer class=\"entry-footer\"><\/footer><\/article><div class='iconlist-timeline'><\/div><\/li>\n<\/ul><\/div><br \/>\n<section class=\"av_textblock_section \"  itemscope=\"itemscope\" itemtype=\"https:\/\/schema.org\/CreativeWork\" ><div class='avia_textblock  '   itemprop=\"text\" ><h2 class=\"heading-title bottom-0\">Soffitto teso<\/h2>\n<p>I soffitti tesi sono<strong>\u00a0<\/strong>membrane realizzate con\u00a0un polimero a memoria di forma. Il sistema di montaggio \u00e8 molto semplice e prevede un profilo perimetrale e un telo tenuto in tensione sul profilo a mezzo di un\u2019arpione semirigido saldato sul telo stesso.<\/p>\n<p>I soffitti tesi, prodotti con una riduzione del 7% rispetto alla dimensione dell\u2019ambiente, vengono riscaldati attraverso un generatore di aria calda che permette la dilatazione del telo fino a raggiungere il sistema di ancoraggio perimetrale (profilo).<\/p>\n<p>Una volta riportato a temperatura l\u2019ambiente, il telo cerca di tornare nella sua posizione originaria ma rimane bloccato nel sistema di aggancio.\u00a0Questo\u00a0sistema permette di effettuare lo smontaggio e il rimontaggio del telo per un numero infinito di volte senza alterare le propriet\u00e0 del soffitto.<\/p>\n<p>Il soffitto teso\u00a0<strong>pu\u00f2 ricoprire qualsiasi forma e dimensione<\/strong>\u00a0(si possono creare anche forme complesse come volte e cupole), pu\u00f2 coprire 50 mq senza sospensioni verticali e senza subire avvallamenti dovuti al suo peso e,\u00a0al suo interno,<strong> \u00e8 possibile incorporare qualsiasi elemento a sospensione o incastro,<\/strong>\u00a0come faretti o bocchette.<\/p>\n<p><img loading=\"lazy\" class=\"alignnone size-full wp-image-1233\" src=\"https:\/\/www.damicosrl.com\/online\/wp-content\/uploads\/2016\/07\/garantito-12-anni-150x150.jpeg\" alt=\"garantito-12-anni-150x150\" width=\"150\" height=\"150\" srcset=\"https:\/\/www.damicosrl.com\/online\/wp-content\/uploads\/2016\/07\/garantito-12-anni-150x150.jpeg 150w, https:\/\/www.damicosrl.com\/online\/wp-content\/uploads\/2016\/07\/garantito-12-anni-150x150-80x80.jpeg 80w, https:\/\/www.damicosrl.com\/online\/wp-content\/uploads\/2016\/07\/garantito-12-anni-150x150-36x36.jpeg 36w, https:\/\/www.damicosrl.com\/online\/wp-content\/uploads\/2016\/07\/garantito-12-anni-150x150-120x120.jpeg 120w\" sizes=\"(max-width: 150px) 100vw, 150px\" \/><\/p>\n<p>Il soffitto teso pu\u00f2 essere stampato, verniciato, retroilluminato, laccato, metallizzato, satinato, traslucido, microforato, a specchio.\u00a0<strong>Pu\u00f2 diventare esattamente tutto quello che si desidera<\/strong>. Inoltre \u00e8 impermeabile, lavabile, permeabile al vapore e il suo materiale \u2013 assolutamente igienico e non tossico \u2013 \u00e8 esente da manutenzione e provvisto di tutti i certificati richiesti relativi alla reazione al fuoco.<\/p>\n<div class=\"wpb_text_column wpb_content_element \"><\/div>\n<\/div><\/section><br \/>\n<div  style=' margin-top:30px; margin-bottom:30px;'  class='hr hr-custom hr-center hr-icon-yes   avia-builder-el-10  el_after_av_textblock  el_before_av_textblock '><span class='hr-inner  inner-border-av-border-thin' style=' width:45%; max-width:45%;' ><span class='hr-inner-style'><\/span><\/span><span class='av-seperator-icon'  aria-hidden='true' data-av_icon='\ue8bf' data-av_iconfont='entypo-fontello'><\/span><span class='hr-inner  inner-border-av-border-thin' style=' width:45%; max-width:45%;' ><span class='hr-inner-style'><\/span><\/span><\/div><br \/>\n<section class=\"av_textblock_section \"  itemscope=\"itemscope\" itemtype=\"https:\/\/schema.org\/CreativeWork\" ><div class='avia_textblock  '   itemprop=\"text\" ><h2 class=\"heading-title bottom-0\"><\/h2>\n<h2><strong>Modalit\u00e0 di posa<\/strong><\/h2>\n<p>L\u2019applicazione del soffitto teso avviene attraverso l\u2019impiego di generatori di aria calda che riscaldando l\u2019ambiente permettono la dilatazione delle molecole del telo e quindi la sua lavorazione. Il soffitto teso viene accompagnato verso il profilo di aggancio e, dopo la fase di riscaldamento, torna alla posizione originale ma resta incastrato.\u00a0<strong>Il soffitto teso pu\u00f2 essere facilmente smontato e rimontato, parzialmente o totalmente, per un numero infinito di volte<\/strong>. Una volta installato\u00a0<strong>non necessita di manutenzione<\/strong>\u00a0a meno che non sia un soffitto retroilluminato che richiede periodicamente la sostituzione delle lampade. L\u2019eventuale manutenzione pu\u00f2 essere garantita dal nostra rete di assistenza ma qualora fosse necessario, \u00e8 possibile richiedere moduli gi\u00e0 pronti.<\/p>\n<p><img loading=\"lazy\" class=\"alignleft size-full wp-image-720\" src=\"https:\/\/www.waltertendaggi.it\/online\/wp-content\/uploads\/2015\/05\/montaggio_soffitto_teso2.jpg\" alt=\"montaggio_soffitto_teso2\" width=\"600\" height=\"267\" \/><\/p>\n<div class=\"wpb_text_column wpb_content_element \"><\/div>\n<\/div><\/section><br \/>\n<div  style=' margin-top:30px; margin-bottom:30px;'  class='hr hr-custom hr-center hr-icon-yes   avia-builder-el-12  el_after_av_textblock  el_before_av_textblock '><span class='hr-inner  inner-border-av-border-thin' style=' width:45%; max-width:45%;' ><span class='hr-inner-style'><\/span><\/span><span class='av-seperator-icon'  aria-hidden='true' data-av_icon='\ue8bf' data-av_iconfont='entypo-fontello'><\/span><span class='hr-inner  inner-border-av-border-thin' style=' width:45%; max-width:45%;' ><span class='hr-inner-style'><\/span><\/span><\/div><br \/>\n<section class=\"av_textblock_section \"  itemscope=\"itemscope\" itemtype=\"https:\/\/schema.org\/CreativeWork\" ><div class='avia_textblock  '   itemprop=\"text\" ><h2 class=\"heading-title bottom-0\"><\/h2>\n<h2 style=\"text-align: center;\"><strong>Scegli la soluzione che preferisci<\/strong><\/h2>\n<p style=\"text-align: center;\"><strong>Home | Shop | Office | Public &amp; Project<\/strong><\/p>\n<p style=\"text-align: center;\"><a href=\"http:\/\/www.damicosrl.com\/online\/contact\/\">Contattaci ora per maggiori informazioni<\/a><\/p>\n<p style=\"text-align: center;\"><a href=\"http:\/\/www.damicosrl.com\/online\/preventivi\/\">Chiedi Subito un Preventivo Online<\/a><\/p>\n<div class=\"wpb_text_column wpb_content_element \"><\/div>\n<\/div><\/section><\/p><\/div><div class=\"flex_column av_one_third  no_margin flex_column_table_cell av-equal-height-column av-align-top   avia-builder-el-14  el_after_av_two_third  avia-builder-el-last  \" style='padding:30px; background-color:#f0f0f0; border-radius:0px; '><p><div  style='padding-bottom:10px; ' class='av-special-heading av-special-heading-h3    avia-builder-el-15  el_before_av_masonry_gallery  avia-builder-el-no-sibling  '><h3 class='av-special-heading-tag '  itemprop=\"headline\"  >Gallery Progetti<\/h3><div class='special-heading-border'><div class='special-heading-inner-border' ><\/div><\/div><\/div><br \/>\n<div id='av-masonry-1' class='av-masonry  noHover av-fixed-size av-no-gap av-hover-overlay-active av-masonry-animation-active av-masonry-col-flexible av-caption-always av-caption-style- av-masonry-gallery     '  ><div class='av-masonry-container isotope av-js-disabled ' ><div class='av-masonry-entry isotope-item av-masonry-item-no-image '><\/div><a href=\"https:\/\/www.damicosrl.com\/online\/wp-content\/uploads\/2016\/07\/01-1-1030x682.jpg\"  aria-label=\"immagine 01\"  id='av-masonry-1-item-700' data-av-masonry-item='700' class='av-masonry-entry isotope-item post-700 attachment type-attachment status-inherit hentry  av-masonry-item-with-image' title=\"01\" alt=\"\"   itemprop=\"thumbnailUrl\" ><div class='av-inner-masonry-sizer'><\/div><figure class='av-inner-masonry main_color'><div class=\"av-masonry-outerimage-container\"><div class=\"av-masonry-image-container\" style=\"background-image: url(https:\/\/www.damicosrl.com\/online\/wp-content\/uploads\/2016\/07\/01-1-705x467.jpg);\" title=\"01\" ><\/div><\/div><\/figure><\/a><!--end av-masonry entry--><a href=\"https:\/\/www.damicosrl.com\/online\/wp-content\/uploads\/2016\/07\/03-1.jpg\"  aria-label=\"immagine 03\"  id='av-masonry-1-item-702' data-av-masonry-item='702' class='av-masonry-entry isotope-item post-702 attachment type-attachment status-inherit hentry  av-masonry-item-with-image' title=\"03\" alt=\"\"   itemprop=\"thumbnailUrl\" ><div class='av-inner-masonry-sizer'><\/div><figure class='av-inner-masonry main_color'><div class=\"av-masonry-outerimage-container\"><div class=\"av-masonry-image-container\" style=\"background-image: url(https:\/\/www.damicosrl.com\/online\/wp-content\/uploads\/2016\/07\/03-1-705x529.jpg);\" title=\"03\" ><\/div><\/div><\/figure><\/a><!--end av-masonry entry--><a href=\"https:\/\/www.damicosrl.com\/online\/wp-content\/uploads\/2016\/07\/04-1.jpg\"  aria-label=\"immagine 04\"  id='av-masonry-1-item-703' data-av-masonry-item='703' class='av-masonry-entry isotope-item post-703 attachment type-attachment status-inherit hentry  av-masonry-item-with-image' title=\"04\" alt=\"\"   itemprop=\"thumbnailUrl\" ><div class='av-inner-masonry-sizer'><\/div><figure class='av-inner-masonry main_color'><div class=\"av-masonry-outerimage-container\"><div class=\"av-masonry-image-container\" style=\"background-image: url(https:\/\/www.damicosrl.com\/online\/wp-content\/uploads\/2016\/07\/04-1-705x529.jpg);\" title=\"04\" ><\/div><\/div><\/figure><\/a><!--end av-masonry entry--><a href=\"https:\/\/www.damicosrl.com\/online\/wp-content\/uploads\/2016\/07\/02-1.jpg\"  aria-label=\"immagine 02\"  id='av-masonry-1-item-701' data-av-masonry-item='701' class='av-masonry-entry isotope-item post-701 attachment type-attachment status-inherit hentry  av-masonry-item-with-image' title=\"02\" alt=\"\"   itemprop=\"thumbnailUrl\" ><div class='av-inner-masonry-sizer'><\/div><figure class='av-inner-masonry main_color'><div class=\"av-masonry-outerimage-container\"><div class=\"av-masonry-image-container\" style=\"background-image: url(https:\/\/www.damicosrl.com\/online\/wp-content\/uploads\/2016\/07\/02-1-705x423.jpg);\" title=\"02\" ><\/div><\/div><\/figure><\/a><!--end av-masonry entry--><a href=\"https:\/\/www.damicosrl.com\/online\/wp-content\/uploads\/2016\/07\/07-1.jpg\"  aria-label=\"immagine 07\"  id='av-masonry-1-item-706' data-av-masonry-item='706' class='av-masonry-entry isotope-item post-706 attachment type-attachment status-inherit hentry  av-masonry-item-with-image' title=\"07\" alt=\"\"   itemprop=\"thumbnailUrl\" ><div class='av-inner-masonry-sizer'><\/div><figure class='av-inner-masonry main_color'><div class=\"av-masonry-outerimage-container\"><div class=\"av-masonry-image-container\" style=\"background-image: url(https:\/\/www.damicosrl.com\/online\/wp-content\/uploads\/2016\/07\/07-1-705x397.jpg);\" title=\"07\" ><\/div><\/div><\/figure><\/a><!--end av-masonry entry--><a href=\"https:\/\/www.damicosrl.com\/online\/wp-content\/uploads\/2016\/07\/05-1.jpg\"  aria-label=\"immagine 05\"  id='av-masonry-1-item-704' data-av-masonry-item='704' class='av-masonry-entry isotope-item post-704 attachment type-attachment status-inherit hentry  av-masonry-item-with-image' title=\"05\" alt=\"\"   itemprop=\"thumbnailUrl\" ><div class='av-inner-masonry-sizer'><\/div><figure class='av-inner-masonry main_color'><div class=\"av-masonry-outerimage-container\"><div class=\"av-masonry-image-container\" style=\"background-image: url(https:\/\/www.damicosrl.com\/online\/wp-content\/uploads\/2016\/07\/05-1-705x529.jpg);\" title=\"05\" ><\/div><\/div><\/figure><\/a><!--end av-masonry entry--><a href=\"https:\/\/www.damicosrl.com\/online\/wp-content\/uploads\/2016\/07\/06-1.jpg\"  aria-label=\"immagine 06\"  id='av-masonry-1-item-705' data-av-masonry-item='705' class='av-masonry-entry isotope-item post-705 attachment type-attachment status-inherit hentry  av-masonry-item-with-image' title=\"06\" alt=\"\"   itemprop=\"thumbnailUrl\" ><div class='av-inner-masonry-sizer'><\/div><figure class='av-inner-masonry main_color'><div class=\"av-masonry-outerimage-container\"><div class=\"av-masonry-image-container\" style=\"background-image: url(https:\/\/www.damicosrl.com\/online\/wp-content\/uploads\/2016\/07\/06-1.jpg);\" title=\"06\" ><\/div><\/div><\/figure><\/a><!--end av-masonry entry--><a href=\"https:\/\/www.damicosrl.com\/online\/wp-content\/uploads\/2016\/07\/08-1.jpg\"  aria-label=\"immagine 08\"  id='av-masonry-1-item-707' data-av-masonry-item='707' class='av-masonry-entry isotope-item post-707 attachment type-attachment status-inherit hentry  av-masonry-item-with-image' title=\"08\" alt=\"\"   itemprop=\"thumbnailUrl\" ><div class='av-inner-masonry-sizer'><\/div><figure class='av-inner-masonry main_color'><div class=\"av-masonry-outerimage-container\"><div class=\"av-masonry-image-container\" style=\"background-image: url(https:\/\/www.damicosrl.com\/online\/wp-content\/uploads\/2016\/07\/08-1.jpg);\" title=\"08\" ><\/div><\/div><\/figure><\/a><!--end av-masonry entry--><a href=\"https:\/\/www.damicosrl.com\/online\/wp-content\/uploads\/2016\/07\/09-1.jpg\"  aria-label=\"immagine 09\"  id='av-masonry-1-item-708' data-av-masonry-item='708' class='av-masonry-entry isotope-item post-708 attachment type-attachment status-inherit hentry  av-masonry-item-with-image' title=\"09\" alt=\"\"   itemprop=\"thumbnailUrl\" ><div class='av-inner-masonry-sizer'><\/div><figure class='av-inner-masonry main_color'><div class=\"av-masonry-outerimage-container\"><div class=\"av-masonry-image-container\" style=\"background-image: url(https:\/\/www.damicosrl.com\/online\/wp-content\/uploads\/2016\/07\/09-1-705x527.jpg);\" title=\"09\" ><\/div><\/div><\/figure><\/a><!--end av-masonry entry--><a href=\"https:\/\/www.damicosrl.com\/online\/wp-content\/uploads\/2016\/07\/10-1.jpg\"  aria-label=\"immagine 10\"  id='av-masonry-1-item-709' data-av-masonry-item='709' class='av-masonry-entry isotope-item post-709 attachment type-attachment status-inherit hentry  av-masonry-item-with-image' title=\"10\" alt=\"\"   itemprop=\"thumbnailUrl\" ><div class='av-inner-masonry-sizer'><\/div><figure class='av-inner-masonry main_color'><div class=\"av-masonry-outerimage-container\"><div class=\"av-masonry-image-container\" style=\"background-image: url(https:\/\/www.damicosrl.com\/online\/wp-content\/uploads\/2016\/07\/10-1-705x527.jpg);\" title=\"10\" ><\/div><\/div><\/figure><\/a><!--end av-masonry entry--><\/div><\/div><br \/>\n<div  style=' margin-top:30px; margin-bottom:30px;'  class='hr hr-custom hr-center hr-icon-yes   avia-builder-el-17  el_after_av_masonry_gallery  el_before_av_sidebar  avia-builder-el-first '><span class='hr-inner  inner-border-av-border-thin' style=' width:45%; max-width:45%;' ><span class='hr-inner-style'><\/span><\/span><span class='av-seperator-icon'  aria-hidden='true' data-av_icon='\ue8bf' data-av_iconfont='entypo-fontello'><\/span><span class='hr-inner  inner-border-av-border-thin' style=' width:45%; max-width:45%;' ><span class='hr-inner-style'><\/span><\/span><\/div><br \/>\n<div  class='avia-builder-widget-area clearfix  avia-builder-el-18  el_after_av_hr  avia-builder-el-last '><section id=\"text-3\" class=\"widget clearfix widget_text\"><h3 class=\"widgettitle\">CONTATTI<\/h3>\t\t\t<div class=\"textwidget\"><p><strong>F.LLI D'AMICO SRL<\/strong><br>\r\n Via Rinaldo Rigola, 19<br>\r\n    40133 Bologna - Italy\r\n<p><em>Showroom<\/em><br>\r\n  Via Della Certosa 41\/A<br>\r\n  40134 Bologna  - Italy<br>\r\n  <br>\r\n   tel. +39 051 61 42 093<br>\r\n  mob. +39 337 57 88 13<br>\r\n  <a href=\"mailto:info@damicosrl.com\">info@damicosrl.com<\/a>\r\n<p>P.IVA 04295330379<\/div>\n\t\t<span class=\"seperator extralight-border\"><\/span><\/section><\/div><\/p><\/div><\/div><!--close column table wrapper. Autoclose: 1 --><\/div><\/div><\/div><!-- close content main div --><\/div><\/div><div id='after_section_2'  class='main_color av_default_container_wrap container_wrap sidebar_right' style=' '  ><div class='container' ><div class='template-page content  av-content-small alpha units'><div class='post-entry post-entry-type-page post-entry-582'><div class='entry-content-wrapper clearfix'>\n","protected":false},"excerpt":{"rendered":"","protected":false},"author":1,"featured_media":0,"parent":0,"menu_order":0,"comment_status":"closed","ping_status":"closed","template":"","meta":{"_monsterinsights_skip_tracking":false,"_monsterinsights_sitenote_active":false,"_monsterinsights_sitenote_note":"","_monsterinsights_sitenote_category":0},"_links":{"self":[{"href":"https:\/\/www.damicosrl.com\/online\/wp-json\/wp\/v2\/pages\/582"}],"collection":[{"href":"https:\/\/www.damicosrl.com\/online\/wp-json\/wp\/v2\/pages"}],"about":[{"href":"https:\/\/www.damicosrl.com\/online\/wp-json\/wp\/v2\/types\/page"}],"author":[{"embeddable":true,"href":"https:\/\/www.damicosrl.com\/online\/wp-json\/wp\/v2\/users\/1"}],"replies":[{"embeddable":true,"href":"https:\/\/www.damicosrl.com\/online\/wp-json\/wp\/v2\/comments?post=582"}],"version-history":[{"count":18,"href":"https:\/\/www.damicosrl.com\/online\/wp-json\/wp\/v2\/pages\/582\/revisions"}],"predecessor-version":[{"id":1234,"href":"https:\/\/www.damicosrl.com\/online\/wp-json\/wp\/v2\/pages\/582\/revisions\/1234"}],"wp:attachment":[{"href":"https:\/\/www.damicosrl.com\/online\/wp-json\/wp\/v2\/media?parent=582"}],"curies":[{"name":"wp","href":"https:\/\/api.w.org\/{rel}","templated":true}]}}